{"id":248,"date":"2025-08-19T11:14:38","date_gmt":"2025-08-19T09:14:38","guid":{"rendered":"https:\/\/camco.fr\/?page_id=248"},"modified":"2025-08-19T11:16:57","modified_gmt":"2025-08-19T09:16:57","slug":"tarifs","status":"publish","type":"page","link":"https:\/\/camco.fr\/index.php\/tarifs\/","title":{"rendered":"Tarifs"},"content":{"rendered":"\n<p class=\"has-medium-font-size\"><strong>Ci-dessous les tarifs pour les activit\u00e9s du club :<\/strong><\/p>\n\n\n\n<ul class=\"wp-block-list\">\n<li><strong>Baby Kung Fu<\/strong> (4-6 ans) : 210\u20ac<\/li>\n\n\n\n<li><strong>Kung Fu Kids<\/strong> et\/ou <strong>Sanda Kids<\/strong> (7-13 ans) : 240\u20ac<\/li>\n\n\n\n<li><strong>Adolescents<\/strong> et\/ou <strong>Etudiants<\/strong> (14-25 ans) : 260\u20ac<\/li>\n\n\n\n<li><strong>Adultes<\/strong> et\/ou <strong>Comp\u00e9titeurs<\/strong> : 290\u20ac<br><br>Sont compris dans les tarifs ci-dessus, les frais d&rsquo;inscription au club et d&rsquo;activit\u00e9s hebdomadaires de celui-ci.<br>Ne sont pas compris les frais relatifs aux adh\u00e9sions de licence f\u00e9d\u00e9ral, \u00e9v\u00e9nement sportif, festivit\u00e9s, etc.<\/li>\n<\/ul>\n\n\n\n<p class=\"has-medium-font-size\"><strong>Le club offre une r\u00e9duction de :<\/strong><\/p>\n\n\n\n<ul class=\"wp-block-list\">\n<li>30\u20ac pour les r\u00e9inscriptions de ses membres (\u00e0 partir de la 2i\u00e8me ann\u00e9e)<\/li>\n\n\n\n<li>50\u20ac \u00e0 partir de la 2nd inscription des membres de la m\u00eame famille (m\u00eame foyer)<\/li>\n<\/ul>\n\n\n\n<p class=\"has-medium-font-size\"><strong>A savoir<\/strong> :<\/p>\n\n\n\n<p>&#8211; Le conseil d\u00e9partemental de l&rsquo;Oise offre 15\u20ac pour l&rsquo;inscription dans un club de l&rsquo;Oise pour les -18ans habitant dans l&rsquo;Oise.<br>(infos : <a href=\"https:\/\/oise.fr\/les-pass-citoyens-du-conseil-departemental-de-loise\/le-passsports-citoyen\" target=\"_blank\" rel=\"noreferrer noopener\">https:\/\/oise.fr\/les-pass-citoyens-du-conseil-departemental-de-loise\/le-passsports-citoyen<\/a>)<br>&#8211; L&rsquo;Etat participe \u00e0 hauteur de 70\u20ac pour les jeunes \u00e9ligibles.<br>(infos : <a href=\"https:\/\/www.pass.sports.gouv.fr\/\" target=\"_blank\" rel=\"noreferrer noopener\">https:\/\/www.pass.sports.gouv.fr\/<\/a>)<\/p>\n\n\n\n<p class=\"has-medium-font-size\"><strong>Moyen de paiement<\/strong>:<\/p>\n\n\n\n<p>Le club accepte le paiement via esp\u00e8ces, ch\u00e8ques bancaire, virement bancaire, ANCV* et Coupon sport*.<br>Le paiement en plusieurs fois est possible (uniquement via ch\u00e8que bancaire)<\/p>\n\n\n\n<p><em>*Pour le paiement via ANCV ou Coupon Sport, un surplus de 10\u20ac est demand\u00e9 pour les frais de gestion. <\/em><\/p>\n","protected":false},"excerpt":{"rendered":"<p>Ci-dessous les tarifs pour les activit\u00e9s du club : Le club offre une r\u00e9duction de [&hellip;]<\/p>\n","protected":false},"author":1,"featured_media":0,"parent":0,"menu_order":0,"comment_status":"closed","ping_status":"closed","template":"","meta":{"footnotes":""},"class_list":["post-248","page","type-page","status-publish","hentry"],"_links":{"self":[{"href":"https:\/\/camco.fr\/index.php\/wp-json\/wp\/v2\/pages\/248","targetHints":{"allow":["GET"]}}],"collection":[{"href":"https:\/\/camco.fr\/index.php\/wp-json\/wp\/v2\/pages"}],"about":[{"href":"https:\/\/camco.fr\/index.php\/wp-json\/wp\/v2\/types\/page"}],"author":[{"embeddable":true,"href":"https:\/\/camco.fr\/index.php\/wp-json\/wp\/v2\/users\/1"}],"replies":[{"embeddable":true,"href":"https:\/\/camco.fr\/index.php\/wp-json\/wp\/v2\/comments?post=248"}],"version-history":[{"count":2,"href":"https:\/\/camco.fr\/index.php\/wp-json\/wp\/v2\/pages\/248\/revisions"}],"predecessor-version":[{"id":251,"href":"https:\/\/camco.fr\/index.php\/wp-json\/wp\/v2\/pages\/248\/revisions\/251"}],"wp:attachment":[{"href":"https:\/\/camco.fr\/index.php\/wp-json\/wp\/v2\/media?parent=248"}],"curies":[{"name":"wp","href":"https:\/\/api.w.org\/{rel}","templated":true}]}}