{"id":26,"date":"2022-08-30T18:10:18","date_gmt":"2022-08-30T16:10:18","guid":{"rendered":"https:\/\/camco.fr\/?page_id=26"},"modified":"2025-11-21T10:09:27","modified_gmt":"2025-11-21T09:09:27","slug":"bienvenue-dans-lunivers-camco","status":"publish","type":"page","link":"https:\/\/camco.fr\/","title":{"rendered":"Bienvenue au CAMCO \u2013 Centre des Arts Martiaux Chinois de l\u2019Oise"},"content":{"rendered":"\n<p><strong>Kung-Fu Wushu \u2022 Sanda \u2022 Tai Ji \u2022 Qi Gong \u2022 Soft Combat \u2022 Baby Kung-Fu \u2022 Sanda Kids<\/strong> <strong>\u2022 Kung Fu Kids <\/strong><\/p>\n\n\n\n<p>Au CAMCO, nous transmettons depuis des ann\u00e9es la richesse des arts martiaux chinois \u00e0 travers des pratiques adapt\u00e9es \u00e0 tous les \u00e2ges et \u00e0 tous les niveaux.<br>Que tu recherches <strong>action<\/strong>, <strong>bien-\u00eatre<\/strong>, <strong>confiance en soi<\/strong>, ou simplement une <strong>activit\u00e9 sportive dynamique<\/strong>, tu trouveras ta place parmi nous :<\/p>\n\n\n\n<ul class=\"wp-block-list\">\n<li><strong>Kung-Fu \/ Wushu<\/strong> : techniques traditionnelles, chor\u00e9graphies, travail du corps et de l\u2019esprit<\/li>\n\n\n\n<li><strong>Sanda &amp; Sanda Kids<\/strong> : boxe chinoise \u00e9ducative ou sport combat, en toute s\u00e9curit\u00e9<\/li>\n\n\n\n<li><strong>Soft Combat<\/strong> : entrainement combat ma\u00eetris\u00e9, intensit\u00e9 sans blessures<\/li>\n\n\n\n<li><strong>Tai Ji Quan<\/strong> : art martial interne, fluidit\u00e9, ancrage et \u00e9quilibre<\/li>\n\n\n\n<li><strong>Qi Gong<\/strong> : respiration, sant\u00e9, \u00e9nergie, rel\u00e2chement<\/li>\n\n\n\n<li><strong>Baby Kung-Fu (4\u20136 ans)<\/strong> : \u00e9veil moteur, jeux, coordination et discipline ludique<\/li>\n<\/ul>\n\n\n\n<div class=\"wp-block-columns is-layout-flex wp-container-core-columns-is-layout-9d6595d7 wp-block-columns-is-layout-flex\">\n<div class=\"wp-block-column is-vertically-aligned-center is-layout-flow wp-block-column-is-layout-flow\" style=\"flex-basis:100%\">\n<div class=\"wp-block-group\"><div class=\"wp-block-group__inner-container is-layout-flow wp-block-group-is-layout-flow\">\n<div class=\"wp-block-columns is-layout-flex wp-container-core-columns-is-layout-9d6595d7 wp-block-columns-is-layout-flex\">\n<div class=\"wp-block-column is-layout-flow wp-block-column-is-layout-flow\" style=\"flex-basis:100%\">\n<div class=\"wp-block-columns is-layout-flex wp-container-core-columns-is-layout-9d6595d7 wp-block-columns-is-layout-flex\">\n<div class=\"wp-block-column is-layout-flow wp-block-column-is-layout-flow\"><div class=\"wp-block-image\">\n<figure class=\"aligncenter size-large is-resized\"><img loading=\"lazy\" decoding=\"async\" width=\"819\" height=\"1024\" src=\"http:\/\/camco.fr\/wp-content\/uploads\/2025\/08\/CAMCO_kung-fu_Tai-Ji_sanda-1-819x1024.png\" alt=\"\" class=\"wp-image-185\" style=\"width:281px;height:398px\" srcset=\"https:\/\/camco.fr\/wp-content\/uploads\/2025\/08\/CAMCO_kung-fu_Tai-Ji_sanda-1-819x1024.png 819w, https:\/\/camco.fr\/wp-content\/uploads\/2025\/08\/CAMCO_kung-fu_Tai-Ji_sanda-1-240x300.png 240w, https:\/\/camco.fr\/wp-content\/uploads\/2025\/08\/CAMCO_kung-fu_Tai-Ji_sanda-1-768x960.png 768w, https:\/\/camco.fr\/wp-content\/uploads\/2025\/08\/CAMCO_kung-fu_Tai-Ji_sanda-1.png 1080w\" sizes=\"auto, (max-width: 819px) 100vw, 819px\" \/><\/figure>\n<\/div><\/div>\n<\/div>\n<\/div>\n<\/div>\n<\/div><\/div>\n<\/div>\n\n\n\n<div class=\"wp-block-column is-layout-flow wp-block-column-is-layout-flow\"><\/div>\n<\/div>\n\n\n\n<figure class=\"wp-block-image size-large\"><a href=\"http:\/\/camco.fr\/wp-content\/uploads\/2025\/08\/CAMCO_Planning_2025_2026.png\" target=\"_blank\" rel=\"noreferrer noopener\"><img loading=\"lazy\" decoding=\"async\" width=\"1024\" height=\"724\" src=\"http:\/\/camco.fr\/wp-content\/uploads\/2025\/08\/CAMCO_Planning_2025_2026-1024x724.png\" alt=\"\" class=\"wp-image-184\" srcset=\"https:\/\/camco.fr\/wp-content\/uploads\/2025\/08\/CAMCO_Planning_2025_2026-1024x724.png 1024w, https:\/\/camco.fr\/wp-content\/uploads\/2025\/08\/CAMCO_Planning_2025_2026-300x212.png 300w, https:\/\/camco.fr\/wp-content\/uploads\/2025\/08\/CAMCO_Planning_2025_2026-768x543.png 768w, https:\/\/camco.fr\/wp-content\/uploads\/2025\/08\/CAMCO_Planning_2025_2026-1536x1086.png 1536w, https:\/\/camco.fr\/wp-content\/uploads\/2025\/08\/CAMCO_Planning_2025_2026.png 2000w\" sizes=\"auto, (max-width: 1024px) 100vw, 1024px\" \/><\/a><\/figure>\n\n\n\n<figure class=\"wp-block-gallery has-nested-images columns-default is-cropped wp-block-gallery-1 is-layout-flex wp-block-gallery-is-layout-flex\">\n<figure class=\"wp-block-image size-large\"><a href=\"https:\/\/camco.fr\/index.php\/baby-kung-fu\/\"><img loading=\"lazy\" decoding=\"async\" width=\"819\" height=\"1024\" data-id=\"190\" src=\"https:\/\/camco.fr\/wp-content\/uploads\/2025\/08\/baby-kung-fu-CAMCO-1-819x1024.png\" alt=\"\" class=\"wp-image-190\" srcset=\"https:\/\/camco.fr\/wp-content\/uploads\/2025\/08\/baby-kung-fu-CAMCO-1-819x1024.png 819w, https:\/\/camco.fr\/wp-content\/uploads\/2025\/08\/baby-kung-fu-CAMCO-1-240x300.png 240w, https:\/\/camco.fr\/wp-content\/uploads\/2025\/08\/baby-kung-fu-CAMCO-1-768x960.png 768w, https:\/\/camco.fr\/wp-content\/uploads\/2025\/08\/baby-kung-fu-CAMCO-1.png 1080w\" sizes=\"auto, (max-width: 819px) 100vw, 819px\" \/><\/a><\/figure>\n\n\n\n<figure class=\"wp-block-image size-large\"><a href=\"https:\/\/camco.fr\/index.php\/kung-fu-kids\/\"><img loading=\"lazy\" decoding=\"async\" width=\"819\" height=\"1024\" data-id=\"195\" src=\"https:\/\/camco.fr\/wp-content\/uploads\/2025\/08\/Kung-Fu-Kids-CAMCO-1-819x1024.png\" alt=\"\" class=\"wp-image-195\" srcset=\"https:\/\/camco.fr\/wp-content\/uploads\/2025\/08\/Kung-Fu-Kids-CAMCO-1-819x1024.png 819w, https:\/\/camco.fr\/wp-content\/uploads\/2025\/08\/Kung-Fu-Kids-CAMCO-1-240x300.png 240w, https:\/\/camco.fr\/wp-content\/uploads\/2025\/08\/Kung-Fu-Kids-CAMCO-1-768x960.png 768w, https:\/\/camco.fr\/wp-content\/uploads\/2025\/08\/Kung-Fu-Kids-CAMCO-1.png 1080w\" sizes=\"auto, (max-width: 819px) 100vw, 819px\" \/><\/a><\/figure>\n\n\n\n<figure class=\"wp-block-image size-large\"><a href=\"https:\/\/camco.fr\/index.php\/sanda-kids\/\"><img loading=\"lazy\" decoding=\"async\" width=\"819\" height=\"1024\" data-id=\"216\" src=\"https:\/\/camco.fr\/wp-content\/uploads\/2025\/08\/Sanda-Kids-CAMCO-1-819x1024.png\" alt=\"\" class=\"wp-image-216\" srcset=\"https:\/\/camco.fr\/wp-content\/uploads\/2025\/08\/Sanda-Kids-CAMCO-1-819x1024.png 819w, https:\/\/camco.fr\/wp-content\/uploads\/2025\/08\/Sanda-Kids-CAMCO-1-240x300.png 240w, https:\/\/camco.fr\/wp-content\/uploads\/2025\/08\/Sanda-Kids-CAMCO-1-768x960.png 768w, https:\/\/camco.fr\/wp-content\/uploads\/2025\/08\/Sanda-Kids-CAMCO-1.png 1080w\" sizes=\"auto, (max-width: 819px) 100vw, 819px\" \/><\/a><\/figure>\n\n\n\n<figure class=\"wp-block-image size-large\"><a href=\"https:\/\/camco.fr\/index.php\/qi-gong\/\"><img loading=\"lazy\" decoding=\"async\" width=\"819\" height=\"1024\" data-id=\"234\" src=\"https:\/\/camco.fr\/wp-content\/uploads\/2025\/08\/Qi-Gong-CAMCO-3-819x1024.png\" alt=\"\" class=\"wp-image-234\" srcset=\"https:\/\/camco.fr\/wp-content\/uploads\/2025\/08\/Qi-Gong-CAMCO-3-819x1024.png 819w, https:\/\/camco.fr\/wp-content\/uploads\/2025\/08\/Qi-Gong-CAMCO-3-240x300.png 240w, https:\/\/camco.fr\/wp-content\/uploads\/2025\/08\/Qi-Gong-CAMCO-3-768x960.png 768w, https:\/\/camco.fr\/wp-content\/uploads\/2025\/08\/Qi-Gong-CAMCO-3.png 1080w\" sizes=\"auto, (max-width: 819px) 100vw, 819px\" \/><\/a><\/figure>\n\n\n\n<figure class=\"wp-block-image size-large\"><a href=\"https:\/\/camco.fr\/index.php\/le-sanda\/\"><img loading=\"lazy\" decoding=\"async\" width=\"819\" height=\"1024\" data-id=\"211\" src=\"https:\/\/camco.fr\/wp-content\/uploads\/2025\/08\/Sanda-CAMCO-1-819x1024.png\" alt=\"\" class=\"wp-image-211\" srcset=\"https:\/\/camco.fr\/wp-content\/uploads\/2025\/08\/Sanda-CAMCO-1-819x1024.png 819w, https:\/\/camco.fr\/wp-content\/uploads\/2025\/08\/Sanda-CAMCO-1-240x300.png 240w, https:\/\/camco.fr\/wp-content\/uploads\/2025\/08\/Sanda-CAMCO-1-768x960.png 768w, https:\/\/camco.fr\/wp-content\/uploads\/2025\/08\/Sanda-CAMCO-1.png 1080w\" sizes=\"auto, (max-width: 819px) 100vw, 819px\" \/><\/a><\/figure>\n\n\n\n<figure class=\"wp-block-image size-large\"><a href=\"https:\/\/camco.fr\/index.php\/kung-fu-wushu\/\"><img loading=\"lazy\" decoding=\"async\" width=\"819\" height=\"1024\" data-id=\"201\" src=\"https:\/\/camco.fr\/wp-content\/uploads\/2025\/08\/Kung-Fu-Wushu-CAMCO-1-819x1024.png\" alt=\"\" class=\"wp-image-201\" srcset=\"https:\/\/camco.fr\/wp-content\/uploads\/2025\/08\/Kung-Fu-Wushu-CAMCO-1-819x1024.png 819w, https:\/\/camco.fr\/wp-content\/uploads\/2025\/08\/Kung-Fu-Wushu-CAMCO-1-240x300.png 240w, https:\/\/camco.fr\/wp-content\/uploads\/2025\/08\/Kung-Fu-Wushu-CAMCO-1-768x960.png 768w, https:\/\/camco.fr\/wp-content\/uploads\/2025\/08\/Kung-Fu-Wushu-CAMCO-1.png 1080w\" sizes=\"auto, (max-width: 819px) 100vw, 819px\" \/><\/a><\/figure>\n\n\n\n<figure class=\"wp-block-image size-large\"><a href=\"https:\/\/camco.fr\/index.php\/soft-combat\/\"><img loading=\"lazy\" decoding=\"async\" width=\"819\" height=\"1024\" data-id=\"223\" src=\"https:\/\/camco.fr\/wp-content\/uploads\/2025\/08\/Soft-Combat-CAMCO-3-819x1024.png\" alt=\"\" class=\"wp-image-223\" srcset=\"https:\/\/camco.fr\/wp-content\/uploads\/2025\/08\/Soft-Combat-CAMCO-3-819x1024.png 819w, https:\/\/camco.fr\/wp-content\/uploads\/2025\/08\/Soft-Combat-CAMCO-3-240x300.png 240w, https:\/\/camco.fr\/wp-content\/uploads\/2025\/08\/Soft-Combat-CAMCO-3-768x960.png 768w, https:\/\/camco.fr\/wp-content\/uploads\/2025\/08\/Soft-Combat-CAMCO-3.png 1080w\" sizes=\"auto, (max-width: 819px) 100vw, 819px\" \/><\/a><\/figure>\n\n\n\n<figure class=\"wp-block-image size-large\"><a href=\"https:\/\/camco.fr\/index.php\/le-tai-ji-qi-gong\/\"><img loading=\"lazy\" decoding=\"async\" width=\"819\" height=\"1024\" data-id=\"227\" src=\"https:\/\/camco.fr\/wp-content\/uploads\/2025\/08\/Tai-Ji-CAMCO-2-819x1024.png\" alt=\"\" class=\"wp-image-227\" srcset=\"https:\/\/camco.fr\/wp-content\/uploads\/2025\/08\/Tai-Ji-CAMCO-2-819x1024.png 819w, https:\/\/camco.fr\/wp-content\/uploads\/2025\/08\/Tai-Ji-CAMCO-2-240x300.png 240w, https:\/\/camco.fr\/wp-content\/uploads\/2025\/08\/Tai-Ji-CAMCO-2-768x960.png 768w, https:\/\/camco.fr\/wp-content\/uploads\/2025\/08\/Tai-Ji-CAMCO-2.png 1080w\" sizes=\"auto, (max-width: 819px) 100vw, 819px\" \/><\/a><\/figure>\n<\/figure>\n","protected":false},"excerpt":{"rendered":"<p>Kung-Fu Wushu \u2022 Sanda \u2022 Tai Ji \u2022 Qi Gong \u2022 Soft Combat \u2022 Baby [&hellip;]<\/p>\n","protected":false},"author":1,"featured_media":0,"parent":0,"menu_order":0,"comment_status":"closed","ping_status":"closed","template":"","meta":{"footnotes":""},"class_list":["post-26","page","type-page","status-publish","hentry"],"_links":{"self":[{"href":"https:\/\/camco.fr\/index.php\/wp-json\/wp\/v2\/pages\/26","targetHints":{"allow":["GET"]}}],"collection":[{"href":"https:\/\/camco.fr\/index.php\/wp-json\/wp\/v2\/pages"}],"about":[{"href":"https:\/\/camco.fr\/index.php\/wp-json\/wp\/v2\/types\/page"}],"author":[{"embeddable":true,"href":"https:\/\/camco.fr\/index.php\/wp-json\/wp\/v2\/users\/1"}],"replies":[{"embeddable":true,"href":"https:\/\/camco.fr\/index.php\/wp-json\/wp\/v2\/comments?post=26"}],"version-history":[{"count":13,"href":"https:\/\/camco.fr\/index.php\/wp-json\/wp\/v2\/pages\/26\/revisions"}],"predecessor-version":[{"id":274,"href":"https:\/\/camco.fr\/index.php\/wp-json\/wp\/v2\/pages\/26\/revisions\/274"}],"wp:attachment":[{"href":"https:\/\/camco.fr\/index.php\/wp-json\/wp\/v2\/media?parent=26"}],"curies":[{"name":"wp","href":"https:\/\/api.w.org\/{rel}","templated":true}]}}