{"id":47,"date":"2022-08-30T18:58:10","date_gmt":"2022-08-30T16:58:10","guid":{"rendered":"https:\/\/camco.fr\/?page_id=47"},"modified":"2025-08-18T18:54:17","modified_gmt":"2025-08-18T16:54:17","slug":"kung-fu-wushu","status":"publish","type":"page","link":"https:\/\/camco.fr\/index.php\/kung-fu-wushu\/","title":{"rendered":"Kung Fu Wushu"},"content":{"rendered":"\n<figure class=\"wp-block-image size-large\"><img loading=\"lazy\" decoding=\"async\" width=\"819\" height=\"1024\" src=\"https:\/\/camco.fr\/wp-content\/uploads\/2025\/08\/Kung-Fu-Wushu-CAMCO-1-819x1024.png\" alt=\"\" class=\"wp-image-201\" srcset=\"https:\/\/camco.fr\/wp-content\/uploads\/2025\/08\/Kung-Fu-Wushu-CAMCO-1-819x1024.png 819w, https:\/\/camco.fr\/wp-content\/uploads\/2025\/08\/Kung-Fu-Wushu-CAMCO-1-240x300.png 240w, https:\/\/camco.fr\/wp-content\/uploads\/2025\/08\/Kung-Fu-Wushu-CAMCO-1-768x960.png 768w, https:\/\/camco.fr\/wp-content\/uploads\/2025\/08\/Kung-Fu-Wushu-CAMCO-1.png 1080w\" sizes=\"auto, (max-width: 819px) 100vw, 819px\" \/><\/figure>\n\n\n\n<figure class=\"wp-block-image size-large\"><img loading=\"lazy\" decoding=\"async\" width=\"819\" height=\"1024\" src=\"https:\/\/camco.fr\/wp-content\/uploads\/2025\/08\/Kung-Fu-Wushu-CAMCO-2-819x1024.png\" alt=\"\" class=\"wp-image-202\" srcset=\"https:\/\/camco.fr\/wp-content\/uploads\/2025\/08\/Kung-Fu-Wushu-CAMCO-2-819x1024.png 819w, https:\/\/camco.fr\/wp-content\/uploads\/2025\/08\/Kung-Fu-Wushu-CAMCO-2-240x300.png 240w, https:\/\/camco.fr\/wp-content\/uploads\/2025\/08\/Kung-Fu-Wushu-CAMCO-2-768x960.png 768w, https:\/\/camco.fr\/wp-content\/uploads\/2025\/08\/Kung-Fu-Wushu-CAMCO-2.png 1080w\" sizes=\"auto, (max-width: 819px) 100vw, 819px\" \/><\/figure>\n\n\n\n<figure class=\"wp-block-image size-large\"><img loading=\"lazy\" decoding=\"async\" width=\"819\" height=\"1024\" src=\"https:\/\/camco.fr\/wp-content\/uploads\/2025\/08\/Kung-Fu-Wushu-CAMCO-3-819x1024.png\" alt=\"\" class=\"wp-image-204\" srcset=\"https:\/\/camco.fr\/wp-content\/uploads\/2025\/08\/Kung-Fu-Wushu-CAMCO-3-819x1024.png 819w, https:\/\/camco.fr\/wp-content\/uploads\/2025\/08\/Kung-Fu-Wushu-CAMCO-3-240x300.png 240w, https:\/\/camco.fr\/wp-content\/uploads\/2025\/08\/Kung-Fu-Wushu-CAMCO-3-768x960.png 768w, https:\/\/camco.fr\/wp-content\/uploads\/2025\/08\/Kung-Fu-Wushu-CAMCO-3.png 1080w\" sizes=\"auto, (max-width: 819px) 100vw, 819px\" \/><\/figure>\n\n\n\n<figure class=\"wp-block-image size-large\"><img loading=\"lazy\" decoding=\"async\" width=\"819\" height=\"1024\" src=\"https:\/\/camco.fr\/wp-content\/uploads\/2025\/08\/Kung-Fu-Wushu-CAMCO-4-819x1024.png\" alt=\"\" class=\"wp-image-205\" srcset=\"https:\/\/camco.fr\/wp-content\/uploads\/2025\/08\/Kung-Fu-Wushu-CAMCO-4-819x1024.png 819w, https:\/\/camco.fr\/wp-content\/uploads\/2025\/08\/Kung-Fu-Wushu-CAMCO-4-240x300.png 240w, https:\/\/camco.fr\/wp-content\/uploads\/2025\/08\/Kung-Fu-Wushu-CAMCO-4-768x960.png 768w, https:\/\/camco.fr\/wp-content\/uploads\/2025\/08\/Kung-Fu-Wushu-CAMCO-4.png 1080w\" sizes=\"auto, (max-width: 819px) 100vw, 819px\" \/><\/figure>\n\n\n\n<h2 class=\"wp-block-heading\">En pratique<\/h2>\n\n\n\n<p>Le Kung Fu Wushu peut se pratiquer de multiples fa\u00e7ons. De l&rsquo;apprentissage de forme (dit Tao Lu) \u00e0 l&rsquo;application martiale (attaque-d\u00e9fense) en passant par la manipulation d&rsquo;armes (Sabre, B\u00e2ton, etc.) ou l\u2019ex\u00e9cution de mouvements acrobatiques.<\/p>\n\n\n\n<p>A savoir, certains Tao lu ont \u00e9volu\u00e9s vers des repr\u00e9sentations plus sportives, artistiques ou acrobatiques, et sont parfois destin\u00e9s \u00e0 la comp\u00e9tition allant m\u00eame jusqu&rsquo;au Haut Niveau.&nbsp;Tandis que le Kung-fu dit traditionnel contient g\u00e9n\u00e9ralement des mouvements propres \u00e0 un style, une boxe, \u00e0 une lign\u00e9e de ma\u00eetre visant plus l&rsquo;efficacit\u00e9 au combat.&nbsp;<\/p>\n\n\n\n<p>Une pratique mais de multiples bienfaits :<\/p>\n\n\n\n<p><strong>Une pratique sportive&nbsp;:<\/strong><\/p>\n\n\n\n<ul class=\"wp-block-list\">\n<li>Repousser ses limites physiques<\/li>\n\n\n\n<li>Se d\u00e9fouler et se d\u00e9passer dans l&rsquo;effort<\/li>\n<\/ul>\n\n\n\n<p><strong>Une pratique adapt\u00e9e \u00e0 chacun&nbsp;:<\/strong><\/p>\n\n\n\n<ul class=\"wp-block-list\">\n<li>Possibilit\u00e9 de se sp\u00e9cialiser \u00e0 partir d&rsquo;un certain niveau dans un style, une arme,&#8230;<\/li>\n\n\n\n<li>Entra\u00eenement adapt\u00e9 aux possibilit\u00e9s de chaque pratiquant<\/li>\n<\/ul>\n\n\n\n<p><strong>Une pratique artistique et acrobatique&nbsp;:<\/strong><\/p>\n\n\n\n<ul class=\"wp-block-list\">\n<li>Large \u00e9ventail de techniques particuli\u00e8rement esth\u00e9tiques et tr\u00e8s spectaculaires<\/li>\n\n\n\n<li>Apprentissage de technique \u00e0 mains nues ou avec armes (b\u00e2ton, sabre, \u00e9p\u00e9e, lance\u2026)<\/li>\n<\/ul>\n\n\n\n<p><strong>Un art d\u2019auto-d\u00e9fense&nbsp;:<\/strong><\/p>\n\n\n\n<ul class=\"wp-block-list\">\n<li>Apprendre des mouvements simples permettant de se d\u00e9fendre<\/li>\n\n\n\n<li>Conna\u00eetre les applications en situation r\u00e9elle de techniques traditionnelles<\/li>\n\n\n\n<li>Gagner en r\u00e9activit\u00e9 gr\u00e2ce au travail \u00e0 deux<\/li>\n<\/ul>\n\n\n\n<p><strong>Un art pour une ma\u00eetrise de soi&nbsp;:<\/strong><\/p>\n\n\n\n<ul class=\"wp-block-list\">\n<li>Contr\u00f4ler le mouvement et ma\u00eetriser ses r\u00e9actions<\/li>\n\n\n\n<li>S&rsquo;affirmer et se d\u00e9passer psychologiquement<\/li>\n\n\n\n<li>Am\u00e9liorer sa concentration<\/li>\n<\/ul>\n\n\n\n<p><strong>Un art du bien-\u00eatre&nbsp;:<\/strong><\/p>\n\n\n\n<ul class=\"wp-block-list\">\n<li>D\u00e9couvrir votre potentiel physique.<\/li>\n\n\n\n<li>Se d\u00e9passer physiquement gr\u00e2ce \u00e0 l&rsquo;am\u00e9lioration combin\u00e9e de la force et de la souplesse<\/li>\n\n\n\n<li>\u00c9vacuer son stress<\/li>\n<\/ul>\n\n\n\n<figure class=\"wp-block-embed is-type-video is-provider-youtube wp-block-embed-youtube wp-embed-aspect-4-3 wp-has-aspect-ratio\"><div class=\"wp-block-embed__wrapper\">\n<iframe loading=\"lazy\" title=\"Le Kung-fu Wushu Tao Lu moderne ? - CAMCO -\" width=\"680\" height=\"510\" src=\"https:\/\/www.youtube.com\/embed\/FTcAsUtK0iA?feature=oembed\" frameborder=\"0\" allow=\"accelerometer; autoplay; clipboard-write; encrypted-media; gyroscope; picture-in-picture; web-share\" referrerpolicy=\"strict-origin-when-cross-origin\" allowfullscreen><\/iframe>\n<\/div><\/figure>\n\n\n\n<figure class=\"wp-block-embed is-type-video is-provider-youtube wp-block-embed-youtube wp-embed-aspect-4-3 wp-has-aspect-ratio\"><div class=\"wp-block-embed__wrapper\">\n<iframe loading=\"lazy\" title=\"Le Kung-fu Wushu traditionnel ? - CAMCO -\" width=\"680\" height=\"510\" src=\"https:\/\/www.youtube.com\/embed\/wASXc1PkF24?feature=oembed\" frameborder=\"0\" allow=\"accelerometer; autoplay; clipboard-write; encrypted-media; gyroscope; picture-in-picture; web-share\" referrerpolicy=\"strict-origin-when-cross-origin\" allowfullscreen><\/iframe>\n<\/div><\/figure>\n","protected":false},"excerpt":{"rendered":"<p>En pratique Le Kung Fu Wushu peut se pratiquer de multiples fa\u00e7ons. De l&rsquo;apprentissage de [&hellip;]<\/p>\n","protected":false},"author":1,"featured_media":0,"parent":0,"menu_order":0,"comment_status":"closed","ping_status":"closed","template":"","meta":{"footnotes":""},"class_list":["post-47","page","type-page","status-publish","hentry"],"_links":{"self":[{"href":"https:\/\/camco.fr\/index.php\/wp-json\/wp\/v2\/pages\/47","targetHints":{"allow":["GET"]}}],"collection":[{"href":"https:\/\/camco.fr\/index.php\/wp-json\/wp\/v2\/pages"}],"about":[{"href":"https:\/\/camco.fr\/index.php\/wp-json\/wp\/v2\/types\/page"}],"author":[{"embeddable":true,"href":"https:\/\/camco.fr\/index.php\/wp-json\/wp\/v2\/users\/1"}],"replies":[{"embeddable":true,"href":"https:\/\/camco.fr\/index.php\/wp-json\/wp\/v2\/comments?post=47"}],"version-history":[{"count":5,"href":"https:\/\/camco.fr\/index.php\/wp-json\/wp\/v2\/pages\/47\/revisions"}],"predecessor-version":[{"id":206,"href":"https:\/\/camco.fr\/index.php\/wp-json\/wp\/v2\/pages\/47\/revisions\/206"}],"wp:attachment":[{"href":"https:\/\/camco.fr\/index.php\/wp-json\/wp\/v2\/media?parent=47"}],"curies":[{"name":"wp","href":"https:\/\/api.w.org\/{rel}","templated":true}]}}