{"id":60,"date":"2022-08-30T21:32:37","date_gmt":"2022-08-30T19:32:37","guid":{"rendered":"https:\/\/camco.fr\/?page_id=60"},"modified":"2025-08-18T19:24:09","modified_gmt":"2025-08-18T17:24:09","slug":"les-cours","status":"publish","type":"page","link":"https:\/\/camco.fr\/index.php\/les-cours\/","title":{"rendered":"Les Cours"},"content":{"rendered":"\n<p>Le club propose des cours pour que chacun puisse d\u00e9couvrir et s&rsquo;\u00e9panouir \u00e0 travers de l&rsquo;univers des Arts Martiaux Chinois.<\/p>\n\n\n\n<p>Note importante : l&rsquo;inscription au club vaut pour l&rsquo;ensemble de nos activit\u00e9s en ses lieux et heures.<br><\/p>\n\n\n\n<div class=\"wp-block-columns is-layout-flex wp-container-core-columns-is-layout-9d6595d7 wp-block-columns-is-layout-flex\">\n<div class=\"wp-block-column is-layout-flow wp-block-column-is-layout-flow\">\n<figure class=\"wp-block-image size-large\"><img loading=\"lazy\" decoding=\"async\" width=\"819\" height=\"1024\" src=\"http:\/\/camco.fr\/wp-content\/uploads\/2025\/08\/Kung-Fu-Wushu-CAMCO-1-819x1024.png\" alt=\"\" class=\"wp-image-201\" srcset=\"https:\/\/camco.fr\/wp-content\/uploads\/2025\/08\/Kung-Fu-Wushu-CAMCO-1-819x1024.png 819w, https:\/\/camco.fr\/wp-content\/uploads\/2025\/08\/Kung-Fu-Wushu-CAMCO-1-240x300.png 240w, https:\/\/camco.fr\/wp-content\/uploads\/2025\/08\/Kung-Fu-Wushu-CAMCO-1-768x960.png 768w, https:\/\/camco.fr\/wp-content\/uploads\/2025\/08\/Kung-Fu-Wushu-CAMCO-1.png 1080w\" sizes=\"auto, (max-width: 819px) 100vw, 819px\" \/><figcaption class=\"wp-element-caption\"><a href=\"https:\/\/camco.fr\/index.php\/kung-fu-wushu\/\" data-type=\"page\" data-id=\"47\">Kung Fu Wushu<\/a><\/figcaption><\/figure>\n<\/div>\n\n\n\n<div class=\"wp-block-column is-layout-flow wp-block-column-is-layout-flow\">\n<figure class=\"wp-block-image size-large is-resized\"><img loading=\"lazy\" decoding=\"async\" width=\"819\" height=\"1024\" src=\"http:\/\/camco.fr\/wp-content\/uploads\/2025\/08\/Tai-Ji-CAMCO-2-819x1024.png\" alt=\"\" class=\"wp-image-227\" srcset=\"https:\/\/camco.fr\/wp-content\/uploads\/2025\/08\/Tai-Ji-CAMCO-2-819x1024.png 819w, https:\/\/camco.fr\/wp-content\/uploads\/2025\/08\/Tai-Ji-CAMCO-2-240x300.png 240w, https:\/\/camco.fr\/wp-content\/uploads\/2025\/08\/Tai-Ji-CAMCO-2-768x960.png 768w, https:\/\/camco.fr\/wp-content\/uploads\/2025\/08\/Tai-Ji-CAMCO-2.png 1080w\" sizes=\"auto, (max-width: 819px) 100vw, 819px\" \/><figcaption class=\"wp-element-caption\"><a href=\"https:\/\/camco.fr\/index.php\/le-tai-ji-qi-gong\/\" data-type=\"page\" data-id=\"50\">Ta\u00ef Ji<\/a><\/figcaption><\/figure>\n<\/div>\n\n\n\n<div class=\"wp-block-column is-layout-flow wp-block-column-is-layout-flow\">\n<figure class=\"wp-block-image size-large\"><img loading=\"lazy\" decoding=\"async\" width=\"819\" height=\"1024\" src=\"http:\/\/camco.fr\/wp-content\/uploads\/2025\/08\/Sanda-CAMCO-1-819x1024.png\" alt=\"\" class=\"wp-image-211\" srcset=\"https:\/\/camco.fr\/wp-content\/uploads\/2025\/08\/Sanda-CAMCO-1-819x1024.png 819w, https:\/\/camco.fr\/wp-content\/uploads\/2025\/08\/Sanda-CAMCO-1-240x300.png 240w, https:\/\/camco.fr\/wp-content\/uploads\/2025\/08\/Sanda-CAMCO-1-768x960.png 768w, https:\/\/camco.fr\/wp-content\/uploads\/2025\/08\/Sanda-CAMCO-1.png 1080w\" sizes=\"auto, (max-width: 819px) 100vw, 819px\" \/><figcaption class=\"wp-element-caption\"><a href=\"https:\/\/camco.fr\/index.php\/le-sanda\/\" data-type=\"page\" data-id=\"65\">Sanda<\/a><\/figcaption><\/figure>\n<\/div>\n<\/div>\n\n\n\n<div class=\"wp-block-columns is-layout-flex wp-container-core-columns-is-layout-9d6595d7 wp-block-columns-is-layout-flex\">\n<div class=\"wp-block-column is-layout-flow wp-block-column-is-layout-flow\">\n<figure class=\"wp-block-image size-full\"><img loading=\"lazy\" decoding=\"async\" width=\"1080\" height=\"1350\" src=\"http:\/\/camco.fr\/wp-content\/uploads\/2025\/08\/baby-kung-fu-CAMCO-1.png\" alt=\"\" class=\"wp-image-190\" srcset=\"https:\/\/camco.fr\/wp-content\/uploads\/2025\/08\/baby-kung-fu-CAMCO-1.png 1080w, https:\/\/camco.fr\/wp-content\/uploads\/2025\/08\/baby-kung-fu-CAMCO-1-240x300.png 240w, https:\/\/camco.fr\/wp-content\/uploads\/2025\/08\/baby-kung-fu-CAMCO-1-819x1024.png 819w, https:\/\/camco.fr\/wp-content\/uploads\/2025\/08\/baby-kung-fu-CAMCO-1-768x960.png 768w\" sizes=\"auto, (max-width: 1080px) 100vw, 1080px\" \/><figcaption class=\"wp-element-caption\"><a href=\"https:\/\/camco.fr\/index.php\/baby-kung-fu\/\" data-type=\"page\" data-id=\"71\">Baby KUNG FU<\/a><\/figcaption><\/figure>\n<\/div>\n\n\n\n<div class=\"wp-block-column is-layout-flow wp-block-column-is-layout-flow\">\n<figure class=\"wp-block-image size-large\"><img loading=\"lazy\" decoding=\"async\" width=\"819\" height=\"1024\" src=\"http:\/\/camco.fr\/wp-content\/uploads\/2025\/08\/Kung-Fu-Kids-CAMCO-1-819x1024.png\" alt=\"\" class=\"wp-image-195\" srcset=\"https:\/\/camco.fr\/wp-content\/uploads\/2025\/08\/Kung-Fu-Kids-CAMCO-1-819x1024.png 819w, https:\/\/camco.fr\/wp-content\/uploads\/2025\/08\/Kung-Fu-Kids-CAMCO-1-240x300.png 240w, https:\/\/camco.fr\/wp-content\/uploads\/2025\/08\/Kung-Fu-Kids-CAMCO-1-768x960.png 768w, https:\/\/camco.fr\/wp-content\/uploads\/2025\/08\/Kung-Fu-Kids-CAMCO-1.png 1080w\" sizes=\"auto, (max-width: 819px) 100vw, 819px\" \/><figcaption class=\"wp-element-caption\"><a href=\"https:\/\/camco.fr\/index.php\/kung-fu-kids\/\" data-type=\"page\" data-id=\"73\">Kung Fu Kids<\/a><\/figcaption><\/figure>\n<\/div>\n\n\n\n<div class=\"wp-block-column is-layout-flow wp-block-column-is-layout-flow\">\n<figure class=\"wp-block-image size-large\"><img loading=\"lazy\" decoding=\"async\" width=\"819\" height=\"1024\" src=\"http:\/\/camco.fr\/wp-content\/uploads\/2025\/08\/Sanda-Kids-CAMCO-1-819x1024.png\" alt=\"\" class=\"wp-image-216\" srcset=\"https:\/\/camco.fr\/wp-content\/uploads\/2025\/08\/Sanda-Kids-CAMCO-1-819x1024.png 819w, https:\/\/camco.fr\/wp-content\/uploads\/2025\/08\/Sanda-Kids-CAMCO-1-240x300.png 240w, https:\/\/camco.fr\/wp-content\/uploads\/2025\/08\/Sanda-Kids-CAMCO-1-768x960.png 768w, https:\/\/camco.fr\/wp-content\/uploads\/2025\/08\/Sanda-Kids-CAMCO-1.png 1080w\" sizes=\"auto, (max-width: 819px) 100vw, 819px\" \/><figcaption class=\"wp-element-caption\"><a href=\"https:\/\/camco.fr\/index.php\/sanda-kids\/\" data-type=\"page\" data-id=\"79\">Sanda Kids<\/a><\/figcaption><\/figure>\n<\/div>\n<\/div>\n\n\n\n<div class=\"wp-block-columns is-layout-flex wp-container-core-columns-is-layout-9d6595d7 wp-block-columns-is-layout-flex\">\n<div class=\"wp-block-column is-layout-flow wp-block-column-is-layout-flow\" style=\"flex-basis:100%\">\n<div class=\"wp-block-columns is-layout-flex wp-container-core-columns-is-layout-9d6595d7 wp-block-columns-is-layout-flex\">\n<div class=\"wp-block-column is-layout-flow wp-block-column-is-layout-flow\"><div class=\"wp-block-image\">\n<figure class=\"aligncenter size-medium\"><img loading=\"lazy\" decoding=\"async\" width=\"240\" height=\"300\" src=\"http:\/\/camco.fr\/wp-content\/uploads\/2025\/08\/Soft-Combat-CAMCO-1-240x300.png\" alt=\"\" class=\"wp-image-221\" srcset=\"https:\/\/camco.fr\/wp-content\/uploads\/2025\/08\/Soft-Combat-CAMCO-1-240x300.png 240w, https:\/\/camco.fr\/wp-content\/uploads\/2025\/08\/Soft-Combat-CAMCO-1-819x1024.png 819w, https:\/\/camco.fr\/wp-content\/uploads\/2025\/08\/Soft-Combat-CAMCO-1-768x960.png 768w, https:\/\/camco.fr\/wp-content\/uploads\/2025\/08\/Soft-Combat-CAMCO-1.png 1080w\" sizes=\"auto, (max-width: 240px) 100vw, 240px\" \/><figcaption class=\"wp-element-caption\"><a href=\"https:\/\/camco.fr\/index.php\/soft-combat\/\" data-type=\"page\" data-id=\"81\">Soft-Combat<\/a><\/figcaption><\/figure>\n<\/div><\/div>\n\n\n\n<div class=\"wp-block-column is-vertically-aligned-center is-layout-flow wp-block-column-is-layout-flow\">\n<figure class=\"wp-block-image size-medium\"><img loading=\"lazy\" decoding=\"async\" width=\"240\" height=\"300\" src=\"https:\/\/camco.fr\/wp-content\/uploads\/2025\/08\/Qi-Gong-CAMCO-1-240x300.png\" alt=\"\" class=\"wp-image-232\" style=\"object-fit:cover\" srcset=\"https:\/\/camco.fr\/wp-content\/uploads\/2025\/08\/Qi-Gong-CAMCO-1-240x300.png 240w, https:\/\/camco.fr\/wp-content\/uploads\/2025\/08\/Qi-Gong-CAMCO-1-819x1024.png 819w, https:\/\/camco.fr\/wp-content\/uploads\/2025\/08\/Qi-Gong-CAMCO-1-768x960.png 768w, https:\/\/camco.fr\/wp-content\/uploads\/2025\/08\/Qi-Gong-CAMCO-1.png 1080w\" sizes=\"auto, (max-width: 240px) 100vw, 240px\" \/><figcaption class=\"wp-element-caption\"><a href=\"https:\/\/camco.fr\/index.php\/qi-gong\/\" data-type=\"page\" data-id=\"231\">Qi Gong<\/a><\/figcaption><\/figure>\n<\/div>\n<\/div>\n<\/div>\n<\/div>\n\n\n\n<p><\/p>\n","protected":false},"excerpt":{"rendered":"<p>Le club propose des cours pour que chacun puisse d\u00e9couvrir et s&rsquo;\u00e9panouir \u00e0 travers de [&hellip;]<\/p>\n","protected":false},"author":1,"featured_media":0,"parent":0,"menu_order":0,"comment_status":"closed","ping_status":"closed","template":"","meta":{"footnotes":""},"class_list":["post-60","page","type-page","status-publish","hentry"],"_links":{"self":[{"href":"https:\/\/camco.fr\/index.php\/wp-json\/wp\/v2\/pages\/60","targetHints":{"allow":["GET"]}}],"collection":[{"href":"https:\/\/camco.fr\/index.php\/wp-json\/wp\/v2\/pages"}],"about":[{"href":"https:\/\/camco.fr\/index.php\/wp-json\/wp\/v2\/types\/page"}],"author":[{"embeddable":true,"href":"https:\/\/camco.fr\/index.php\/wp-json\/wp\/v2\/users\/1"}],"replies":[{"embeddable":true,"href":"https:\/\/camco.fr\/index.php\/wp-json\/wp\/v2\/comments?post=60"}],"version-history":[{"count":10,"href":"https:\/\/camco.fr\/index.php\/wp-json\/wp\/v2\/pages\/60\/revisions"}],"predecessor-version":[{"id":246,"href":"https:\/\/camco.fr\/index.php\/wp-json\/wp\/v2\/pages\/60\/revisions\/246"}],"wp:attachment":[{"href":"https:\/\/camco.fr\/index.php\/wp-json\/wp\/v2\/media?parent=60"}],"curies":[{"name":"wp","href":"https:\/\/api.w.org\/{rel}","templated":true}]}}