{"id":71,"date":"2022-08-30T21:45:56","date_gmt":"2022-08-30T19:45:56","guid":{"rendered":"https:\/\/camco.fr\/?page_id=71"},"modified":"2025-08-18T18:55:51","modified_gmt":"2025-08-18T16:55:51","slug":"baby-kung-fu","status":"publish","type":"page","link":"https:\/\/camco.fr\/index.php\/baby-kung-fu\/","title":{"rendered":"Baby KUNG FU"},"content":{"rendered":"\n<figure class=\"wp-block-image size-large\"><img loading=\"lazy\" decoding=\"async\" width=\"819\" height=\"1024\" src=\"https:\/\/camco.fr\/wp-content\/uploads\/2025\/08\/baby-kung-fu-CAMCO-1-819x1024.png\" alt=\"\" class=\"wp-image-190\" srcset=\"https:\/\/camco.fr\/wp-content\/uploads\/2025\/08\/baby-kung-fu-CAMCO-1-819x1024.png 819w, https:\/\/camco.fr\/wp-content\/uploads\/2025\/08\/baby-kung-fu-CAMCO-1-240x300.png 240w, https:\/\/camco.fr\/wp-content\/uploads\/2025\/08\/baby-kung-fu-CAMCO-1-768x960.png 768w, https:\/\/camco.fr\/wp-content\/uploads\/2025\/08\/baby-kung-fu-CAMCO-1.png 1080w\" sizes=\"auto, (max-width: 819px) 100vw, 819px\" \/><\/figure>\n\n\n\n<figure class=\"wp-block-image size-large\"><img loading=\"lazy\" decoding=\"async\" width=\"819\" height=\"1024\" src=\"https:\/\/camco.fr\/wp-content\/uploads\/2025\/08\/baby-kung-fu-CAMCO-2-819x1024.png\" alt=\"\" class=\"wp-image-191\" srcset=\"https:\/\/camco.fr\/wp-content\/uploads\/2025\/08\/baby-kung-fu-CAMCO-2-819x1024.png 819w, https:\/\/camco.fr\/wp-content\/uploads\/2025\/08\/baby-kung-fu-CAMCO-2-240x300.png 240w, https:\/\/camco.fr\/wp-content\/uploads\/2025\/08\/baby-kung-fu-CAMCO-2-768x960.png 768w, https:\/\/camco.fr\/wp-content\/uploads\/2025\/08\/baby-kung-fu-CAMCO-2.png 1080w\" sizes=\"auto, (max-width: 819px) 100vw, 819px\" \/><\/figure>\n\n\n\n<figure class=\"wp-block-image size-large\"><img loading=\"lazy\" decoding=\"async\" width=\"819\" height=\"1024\" src=\"https:\/\/camco.fr\/wp-content\/uploads\/2025\/08\/baby-kung-fu-CAMCO-3-819x1024.png\" alt=\"\" class=\"wp-image-192\" srcset=\"https:\/\/camco.fr\/wp-content\/uploads\/2025\/08\/baby-kung-fu-CAMCO-3-819x1024.png 819w, https:\/\/camco.fr\/wp-content\/uploads\/2025\/08\/baby-kung-fu-CAMCO-3-240x300.png 240w, https:\/\/camco.fr\/wp-content\/uploads\/2025\/08\/baby-kung-fu-CAMCO-3-768x960.png 768w, https:\/\/camco.fr\/wp-content\/uploads\/2025\/08\/baby-kung-fu-CAMCO-3.png 1080w\" sizes=\"auto, (max-width: 819px) 100vw, 819px\" \/><\/figure>\n\n\n\n<figure class=\"wp-block-image size-large\"><img loading=\"lazy\" decoding=\"async\" width=\"819\" height=\"1024\" src=\"https:\/\/camco.fr\/wp-content\/uploads\/2025\/08\/baby-kung-fu-CAMCO-4-819x1024.png\" alt=\"\" class=\"wp-image-193\" srcset=\"https:\/\/camco.fr\/wp-content\/uploads\/2025\/08\/baby-kung-fu-CAMCO-4-819x1024.png 819w, https:\/\/camco.fr\/wp-content\/uploads\/2025\/08\/baby-kung-fu-CAMCO-4-240x300.png 240w, https:\/\/camco.fr\/wp-content\/uploads\/2025\/08\/baby-kung-fu-CAMCO-4-768x960.png 768w, https:\/\/camco.fr\/wp-content\/uploads\/2025\/08\/baby-kung-fu-CAMCO-4.png 1080w\" sizes=\"auto, (max-width: 819px) 100vw, 819px\" \/><\/figure>\n\n\n\n<p>Tout d\u2019abord, le Baby-Kungfu s\u2019adresse aux enfants de 4 \u00e0 6 ans.<\/p>\n\n\n\n<p>Il constitue une \u00e9tape importante pour l\u2019\u00e9panouissement de l\u2019enfant. Pas encore du kung-fu, le Baby-Kungfu est une r\u00e9elle activit\u00e9 physique d\u2019\u00e9veil bas\u00e9e sur les arts martiaux chinois.<\/p>\n\n\n\n<p>Vos enfants y apprendront \u00e0 :<\/p>\n\n\n\n<ul class=\"wp-block-list\">\n<li>am\u00e9liorer leurs capacit\u00e9s psychomotrices<\/li>\n\n\n\n<li>respecter des r\u00e8gles<\/li>\n\n\n\n<li>avoir une activit\u00e9 de groupe<\/li>\n\n\n\n<li>s\u2019initier au sport<\/li>\n\n\n\n<li>\u00eatre capable de ma\u00eetrise<\/li>\n\n\n\n<li>avoir confiance en soi<\/li>\n<\/ul>\n\n\n\n<p>Le Baby-Kungfu repr\u00e9sente une excellente approche de l\u2019activit\u00e9 physique et d\u2019initiation au Kung-Fu.<\/p>\n\n\n\n<p>El\u00e9ment tr\u00e8s important : Lors de \u201ccombats\u201d, les enfants ne doivent pas se toucher. Il ne doit pas y avoir de contact afin d\u2019\u00e9viter tout risque d\u2019accident lors de cette phase d\u2019apprentissage.<\/p>\n\n\n\n<p>Les cours sont ax\u00e9s sur des activit\u00e9s ludiques qui vont permettre \u00e0 vos enfants de s\u2019\u00e9panouir par la pratique du sport et suivent le sch\u00e9ma traditionnel des arts martiaux chinois.<\/p>\n\n\n\n<p>Ils d\u00e9butent par le salut suivi d\u2019un \u00e9chauffement. Diff\u00e9rents exercices leur sont ensuite propos\u00e9s (des parcours, l\u2019apprentissage de mouvements, des activit\u00e9s sous forme de jeux, etc.).&nbsp;Le cours se termine par un salut.<\/p>\n\n\n\n<figure class=\"wp-block-embed is-type-video is-provider-youtube wp-block-embed-youtube wp-embed-aspect-4-3 wp-has-aspect-ratio\"><div class=\"wp-block-embed__wrapper\">\n<iframe loading=\"lazy\" title=\"baby kung fu\" width=\"680\" height=\"510\" src=\"https:\/\/www.youtube.com\/embed\/gNVKrgfKW_A?feature=oembed\" frameborder=\"0\" allow=\"accelerometer; autoplay; clipboard-write; encrypted-media; gyroscope; picture-in-picture\" allowfullscreen><\/iframe>\n<\/div><\/figure>\n","protected":false},"excerpt":{"rendered":"<p>Tout d\u2019abord, le Baby-Kungfu s\u2019adresse aux enfants de 4 \u00e0 6 ans. Il constitue une [&hellip;]<\/p>\n","protected":false},"author":1,"featured_media":0,"parent":0,"menu_order":0,"comment_status":"closed","ping_status":"closed","template":"","meta":{"footnotes":""},"class_list":["post-71","page","type-page","status-publish","hentry"],"_links":{"self":[{"href":"https:\/\/camco.fr\/index.php\/wp-json\/wp\/v2\/pages\/71","targetHints":{"allow":["GET"]}}],"collection":[{"href":"https:\/\/camco.fr\/index.php\/wp-json\/wp\/v2\/pages"}],"about":[{"href":"https:\/\/camco.fr\/index.php\/wp-json\/wp\/v2\/types\/page"}],"author":[{"embeddable":true,"href":"https:\/\/camco.fr\/index.php\/wp-json\/wp\/v2\/users\/1"}],"replies":[{"embeddable":true,"href":"https:\/\/camco.fr\/index.php\/wp-json\/wp\/v2\/comments?post=71"}],"version-history":[{"count":3,"href":"https:\/\/camco.fr\/index.php\/wp-json\/wp\/v2\/pages\/71\/revisions"}],"predecessor-version":[{"id":208,"href":"https:\/\/camco.fr\/index.php\/wp-json\/wp\/v2\/pages\/71\/revisions\/208"}],"wp:attachment":[{"href":"https:\/\/camco.fr\/index.php\/wp-json\/wp\/v2\/media?parent=71"}],"curies":[{"name":"wp","href":"https:\/\/api.w.org\/{rel}","templated":true}]}}