{"id":73,"date":"2022-08-30T21:49:41","date_gmt":"2022-08-30T19:49:41","guid":{"rendered":"https:\/\/camco.fr\/?page_id=73"},"modified":"2025-08-18T18:55:09","modified_gmt":"2025-08-18T16:55:09","slug":"kung-fu-kids","status":"publish","type":"page","link":"https:\/\/camco.fr\/index.php\/kung-fu-kids\/","title":{"rendered":"Kung Fu Kids"},"content":{"rendered":"\n<figure class=\"wp-block-image size-large\"><img loading=\"lazy\" decoding=\"async\" width=\"819\" height=\"1024\" src=\"https:\/\/camco.fr\/wp-content\/uploads\/2025\/08\/Kung-Fu-Kids-CAMCO-1-819x1024.png\" alt=\"\" class=\"wp-image-195\" srcset=\"https:\/\/camco.fr\/wp-content\/uploads\/2025\/08\/Kung-Fu-Kids-CAMCO-1-819x1024.png 819w, https:\/\/camco.fr\/wp-content\/uploads\/2025\/08\/Kung-Fu-Kids-CAMCO-1-240x300.png 240w, https:\/\/camco.fr\/wp-content\/uploads\/2025\/08\/Kung-Fu-Kids-CAMCO-1-768x960.png 768w, https:\/\/camco.fr\/wp-content\/uploads\/2025\/08\/Kung-Fu-Kids-CAMCO-1.png 1080w\" sizes=\"auto, (max-width: 819px) 100vw, 819px\" \/><\/figure>\n\n\n\n<figure class=\"wp-block-image size-large\"><img loading=\"lazy\" decoding=\"async\" width=\"819\" height=\"1024\" src=\"https:\/\/camco.fr\/wp-content\/uploads\/2025\/08\/Kung-Fu-Kids-CAMCO-2-819x1024.png\" alt=\"\" class=\"wp-image-196\" srcset=\"https:\/\/camco.fr\/wp-content\/uploads\/2025\/08\/Kung-Fu-Kids-CAMCO-2-819x1024.png 819w, https:\/\/camco.fr\/wp-content\/uploads\/2025\/08\/Kung-Fu-Kids-CAMCO-2-240x300.png 240w, https:\/\/camco.fr\/wp-content\/uploads\/2025\/08\/Kung-Fu-Kids-CAMCO-2-768x960.png 768w, https:\/\/camco.fr\/wp-content\/uploads\/2025\/08\/Kung-Fu-Kids-CAMCO-2.png 1080w\" sizes=\"auto, (max-width: 819px) 100vw, 819px\" \/><\/figure>\n\n\n\n<figure class=\"wp-block-image size-large\"><img loading=\"lazy\" decoding=\"async\" width=\"819\" height=\"1024\" src=\"https:\/\/camco.fr\/wp-content\/uploads\/2025\/08\/Kung-Fu-Kids-CAMCO-3-819x1024.png\" alt=\"\" class=\"wp-image-197\" srcset=\"https:\/\/camco.fr\/wp-content\/uploads\/2025\/08\/Kung-Fu-Kids-CAMCO-3-819x1024.png 819w, https:\/\/camco.fr\/wp-content\/uploads\/2025\/08\/Kung-Fu-Kids-CAMCO-3-240x300.png 240w, https:\/\/camco.fr\/wp-content\/uploads\/2025\/08\/Kung-Fu-Kids-CAMCO-3-768x960.png 768w, https:\/\/camco.fr\/wp-content\/uploads\/2025\/08\/Kung-Fu-Kids-CAMCO-3.png 1080w\" sizes=\"auto, (max-width: 819px) 100vw, 819px\" \/><\/figure>\n\n\n\n<figure class=\"wp-block-image size-large\"><img loading=\"lazy\" decoding=\"async\" width=\"819\" height=\"1024\" src=\"https:\/\/camco.fr\/wp-content\/uploads\/2025\/08\/Kung-Fu-Kids-CAMCO-4-819x1024.png\" alt=\"\" class=\"wp-image-198\" srcset=\"https:\/\/camco.fr\/wp-content\/uploads\/2025\/08\/Kung-Fu-Kids-CAMCO-4-819x1024.png 819w, https:\/\/camco.fr\/wp-content\/uploads\/2025\/08\/Kung-Fu-Kids-CAMCO-4-240x300.png 240w, https:\/\/camco.fr\/wp-content\/uploads\/2025\/08\/Kung-Fu-Kids-CAMCO-4-768x960.png 768w, https:\/\/camco.fr\/wp-content\/uploads\/2025\/08\/Kung-Fu-Kids-CAMCO-4.png 1080w\" sizes=\"auto, (max-width: 819px) 100vw, 819px\" \/><\/figure>\n\n\n\n<p>De 7 \u00e0 13 ans, les enfants auront le loisir de s\u2019adonner \u00e0 l\u2019Art Martial de Kung Fu Panda (ou Jackie Chan pour celles et ceux qui connaissent..).<\/p>\n\n\n\n<p>Les arts martiaux chinois se pratiquent essentiellement seul via l\u2019apprentissage d\u2019une chor\u00e9graphie de mouvements repr\u00e9sentant des mouvements de d\u00e9fenses et d\u2019attaques, certaines de ces techniques sont directement inspir\u00e9es des mouvements des animaux : boxe du tigre, de la grue ou encore de la mante religieuse\u2026. Le tout dans un esprit ludique et attach\u00e9 aux valeurs morales.<\/p>\n\n\n\n<p>Tous les exercices propres au kung-fu leurs sont propos\u00e9s : techniques de bases, Tao Lu, initiation au Sanda (combat), manipulation des armes, etc.<\/p>\n\n\n\n<p>A noter qu\u2019en combat, les coups ne doivent pas \u00eatre port\u00e9s.<\/p>\n\n\n\n<p>Par le biais de ces exercices, ils acquerront les diff\u00e9rentes valeurs du Kung-Fu ainsi que ses sp\u00e9cificit\u00e9s&nbsp;: vitesse, pr\u00e9cision, souplesse, ma\u00eetrise etc.<\/p>\n\n\n\n<p><strong>Objectifs&nbsp;:<\/strong><\/p>\n\n\n\n<p>Un \u00e9panouissement physique&nbsp;:<\/p>\n\n\n\n<ul class=\"wp-block-list\">\n<li>Solliciter l&rsquo;ensemble de l&rsquo;organisme via la pratique du Kung-Fu<\/li>\n\n\n\n<li>D\u00e9velopper sa gestuelle, sa force et sa souplesse<\/li>\n\n\n\n<li>Am\u00e9liorer la perception de son corps dans l&rsquo;espace<\/li>\n<\/ul>\n\n\n\n<p>Un \u00e9panouissement psychologique&nbsp;:<\/p>\n\n\n\n<ul class=\"wp-block-list\">\n<li>Gagner en stabilit\u00e9 \u00e9motionnelle en d\u00e9pensant son \u00e9nergie de mani\u00e8re positive<\/li>\n\n\n\n<li>Vaincre sa timidit\u00e9 gr\u00e2ce \u00e0 la pratique en groupe<\/li>\n<\/ul>\n\n\n\n<p>Un \u00e9panouissement social&nbsp;:<\/p>\n\n\n\n<ul class=\"wp-block-list\">\n<li>Apprentissage des notions de discipline, de respect de soi et de l\u2019autre.<\/li>\n\n\n\n<li>Apprentissage d&rsquo;une pratique individuelle dans un environnement collectif<\/li>\n<\/ul>\n\n\n\n<figure class=\"wp-block-embed is-type-video is-provider-youtube wp-block-embed-youtube wp-embed-aspect-16-9 wp-has-aspect-ratio\"><div class=\"wp-block-embed__wrapper\">\n<iframe loading=\"lazy\" title=\"D\u00e9mo CAMCO - Kung Fu Kids 2019\" width=\"680\" height=\"383\" src=\"https:\/\/www.youtube.com\/embed\/qSuJrLj0VaM?feature=oembed\" frameborder=\"0\" allow=\"accelerometer; autoplay; clipboard-write; encrypted-media; gyroscope; picture-in-picture; web-share\" referrerpolicy=\"strict-origin-when-cross-origin\" allowfullscreen><\/iframe>\n<\/div><\/figure>\n","protected":false},"excerpt":{"rendered":"<p>De 7 \u00e0 13 ans, les enfants auront le loisir de s\u2019adonner \u00e0 l\u2019Art Martial [&hellip;]<\/p>\n","protected":false},"author":1,"featured_media":0,"parent":0,"menu_order":0,"comment_status":"closed","ping_status":"closed","template":"","meta":{"footnotes":""},"class_list":["post-73","page","type-page","status-publish","hentry"],"_links":{"self":[{"href":"https:\/\/camco.fr\/index.php\/wp-json\/wp\/v2\/pages\/73","targetHints":{"allow":["GET"]}}],"collection":[{"href":"https:\/\/camco.fr\/index.php\/wp-json\/wp\/v2\/pages"}],"about":[{"href":"https:\/\/camco.fr\/index.php\/wp-json\/wp\/v2\/types\/page"}],"author":[{"embeddable":true,"href":"https:\/\/camco.fr\/index.php\/wp-json\/wp\/v2\/users\/1"}],"replies":[{"embeddable":true,"href":"https:\/\/camco.fr\/index.php\/wp-json\/wp\/v2\/comments?post=73"}],"version-history":[{"count":4,"href":"https:\/\/camco.fr\/index.php\/wp-json\/wp\/v2\/pages\/73\/revisions"}],"predecessor-version":[{"id":207,"href":"https:\/\/camco.fr\/index.php\/wp-json\/wp\/v2\/pages\/73\/revisions\/207"}],"wp:attachment":[{"href":"https:\/\/camco.fr\/index.php\/wp-json\/wp\/v2\/media?parent=73"}],"curies":[{"name":"wp","href":"https:\/\/api.w.org\/{rel}","templated":true}]}}