{"id":81,"date":"2022-08-30T22:05:20","date_gmt":"2022-08-30T20:05:20","guid":{"rendered":"https:\/\/camco.fr\/?page_id=81"},"modified":"2025-08-18T19:01:33","modified_gmt":"2025-08-18T17:01:33","slug":"soft-combat","status":"publish","type":"page","link":"https:\/\/camco.fr\/index.php\/soft-combat\/","title":{"rendered":"Soft &#8211; Combat"},"content":{"rendered":"\n<figure class=\"wp-block-image size-large\"><img loading=\"lazy\" decoding=\"async\" width=\"819\" height=\"1024\" src=\"https:\/\/camco.fr\/wp-content\/uploads\/2025\/08\/Soft-Combat-CAMCO-1-819x1024.png\" alt=\"\" class=\"wp-image-221\" srcset=\"https:\/\/camco.fr\/wp-content\/uploads\/2025\/08\/Soft-Combat-CAMCO-1-819x1024.png 819w, https:\/\/camco.fr\/wp-content\/uploads\/2025\/08\/Soft-Combat-CAMCO-1-240x300.png 240w, https:\/\/camco.fr\/wp-content\/uploads\/2025\/08\/Soft-Combat-CAMCO-1-768x960.png 768w, https:\/\/camco.fr\/wp-content\/uploads\/2025\/08\/Soft-Combat-CAMCO-1.png 1080w\" sizes=\"auto, (max-width: 819px) 100vw, 819px\" \/><\/figure>\n\n\n\n<figure class=\"wp-block-image size-large\"><img loading=\"lazy\" decoding=\"async\" width=\"819\" height=\"1024\" src=\"https:\/\/camco.fr\/wp-content\/uploads\/2025\/08\/Soft-Combat-CAMCO-2-819x1024.png\" alt=\"\" class=\"wp-image-222\" srcset=\"https:\/\/camco.fr\/wp-content\/uploads\/2025\/08\/Soft-Combat-CAMCO-2-819x1024.png 819w, https:\/\/camco.fr\/wp-content\/uploads\/2025\/08\/Soft-Combat-CAMCO-2-240x300.png 240w, https:\/\/camco.fr\/wp-content\/uploads\/2025\/08\/Soft-Combat-CAMCO-2-768x960.png 768w, https:\/\/camco.fr\/wp-content\/uploads\/2025\/08\/Soft-Combat-CAMCO-2.png 1080w\" sizes=\"auto, (max-width: 819px) 100vw, 819px\" \/><\/figure>\n\n\n\n<figure class=\"wp-block-image size-large\"><img loading=\"lazy\" decoding=\"async\" width=\"819\" height=\"1024\" src=\"https:\/\/camco.fr\/wp-content\/uploads\/2025\/08\/Soft-Combat-CAMCO-3-819x1024.png\" alt=\"\" class=\"wp-image-223\" srcset=\"https:\/\/camco.fr\/wp-content\/uploads\/2025\/08\/Soft-Combat-CAMCO-3-819x1024.png 819w, https:\/\/camco.fr\/wp-content\/uploads\/2025\/08\/Soft-Combat-CAMCO-3-240x300.png 240w, https:\/\/camco.fr\/wp-content\/uploads\/2025\/08\/Soft-Combat-CAMCO-3-768x960.png 768w, https:\/\/camco.fr\/wp-content\/uploads\/2025\/08\/Soft-Combat-CAMCO-3.png 1080w\" sizes=\"auto, (max-width: 819px) 100vw, 819px\" \/><\/figure>\n\n\n\n<figure class=\"wp-block-image size-large\"><img loading=\"lazy\" decoding=\"async\" width=\"819\" height=\"1024\" src=\"https:\/\/camco.fr\/wp-content\/uploads\/2025\/08\/Soft-Combat-CAMCO-4-819x1024.png\" alt=\"\" class=\"wp-image-224\" srcset=\"https:\/\/camco.fr\/wp-content\/uploads\/2025\/08\/Soft-Combat-CAMCO-4-819x1024.png 819w, https:\/\/camco.fr\/wp-content\/uploads\/2025\/08\/Soft-Combat-CAMCO-4-240x300.png 240w, https:\/\/camco.fr\/wp-content\/uploads\/2025\/08\/Soft-Combat-CAMCO-4-768x960.png 768w, https:\/\/camco.fr\/wp-content\/uploads\/2025\/08\/Soft-Combat-CAMCO-4.png 1080w\" sizes=\"auto, (max-width: 819px) 100vw, 819px\" \/><\/figure>\n\n\n\n<p>Le Soft-Combat est par d\u00e9finition du Combat \u00ab\u00a0Doux\u00a0\u00bb.<\/p>\n\n\n\n<p>Ce cours a \u00e9t\u00e9 mis en place afin de permettre \u00e0 tous d&rsquo;acc\u00e9der aux cours combats sans avoir de blessures qui y sont souvent associ\u00e9es.<\/p>\n\n\n\n<p>En effet, vous travaillerez sur paos ou \u00e0 deux,et apprendrez des techniques de Kung-Fu en situation de combat, mais en ma\u00eetrisant vos gestes pour ne pas vous blesser ou blesser votre partenaire.<\/p>\n\n\n\n<p><strong>Objectifs :&nbsp;<\/strong><\/p>\n\n\n\n<p>Une pratique sportive :<\/p>\n\n\n\n<ul class=\"wp-block-list\">\n<li>Repousser ses limites physiques<\/li>\n\n\n\n<li>Se d\u00e9fouler dans l&rsquo;effort<\/li>\n<\/ul>\n\n\n\n<p>Un d\u00e9veloppement personnel :<\/p>\n\n\n\n<ul class=\"wp-block-list\">\n<li>Amplification de vos capacit\u00e9s physiques (puissance, respiration, rapidit\u00e9 de r\u00e9action)<\/li>\n\n\n\n<li>Am\u00e9lioration du contr\u00f4le de vos mouvements et de vos \u00e9motions<\/li>\n<\/ul>\n\n\n\n<p><\/p>\n","protected":false},"excerpt":{"rendered":"<p>Le Soft-Combat est par d\u00e9finition du Combat \u00ab\u00a0Doux\u00a0\u00bb. Ce cours a \u00e9t\u00e9 mis en place [&hellip;]<\/p>\n","protected":false},"author":1,"featured_media":0,"parent":0,"menu_order":0,"comment_status":"closed","ping_status":"closed","template":"","meta":{"footnotes":""},"class_list":["post-81","page","type-page","status-publish","hentry"],"_links":{"self":[{"href":"https:\/\/camco.fr\/index.php\/wp-json\/wp\/v2\/pages\/81","targetHints":{"allow":["GET"]}}],"collection":[{"href":"https:\/\/camco.fr\/index.php\/wp-json\/wp\/v2\/pages"}],"about":[{"href":"https:\/\/camco.fr\/index.php\/wp-json\/wp\/v2\/types\/page"}],"author":[{"embeddable":true,"href":"https:\/\/camco.fr\/index.php\/wp-json\/wp\/v2\/users\/1"}],"replies":[{"embeddable":true,"href":"https:\/\/camco.fr\/index.php\/wp-json\/wp\/v2\/comments?post=81"}],"version-history":[{"count":2,"href":"https:\/\/camco.fr\/index.php\/wp-json\/wp\/v2\/pages\/81\/revisions"}],"predecessor-version":[{"id":225,"href":"https:\/\/camco.fr\/index.php\/wp-json\/wp\/v2\/pages\/81\/revisions\/225"}],"wp:attachment":[{"href":"https:\/\/camco.fr\/index.php\/wp-json\/wp\/v2\/media?parent=81"}],"curies":[{"name":"wp","href":"https:\/\/api.w.org\/{rel}","templated":true}]}}