{"id":99,"date":"2022-08-31T08:15:45","date_gmt":"2022-08-31T06:15:45","guid":{"rendered":"https:\/\/camco.fr\/?page_id=99"},"modified":"2025-08-18T19:25:45","modified_gmt":"2025-08-18T17:25:45","slug":"les-lieux","status":"publish","type":"page","link":"https:\/\/camco.fr\/index.php\/les-lieux\/","title":{"rendered":"Les lieux et horaires"},"content":{"rendered":"\n<figure class=\"wp-block-image size-large\"><a href=\"http:\/\/camco.fr\/wp-content\/uploads\/2025\/08\/CAMCO_Planning_2025_2026.png\" target=\"_blank\" rel=\"noreferrer noopener\"><img loading=\"lazy\" decoding=\"async\" width=\"1024\" height=\"724\" src=\"http:\/\/camco.fr\/wp-content\/uploads\/2025\/08\/CAMCO_Planning_2025_2026-1024x724.png\" alt=\"\" class=\"wp-image-184\" srcset=\"https:\/\/camco.fr\/wp-content\/uploads\/2025\/08\/CAMCO_Planning_2025_2026-1024x724.png 1024w, https:\/\/camco.fr\/wp-content\/uploads\/2025\/08\/CAMCO_Planning_2025_2026-300x212.png 300w, https:\/\/camco.fr\/wp-content\/uploads\/2025\/08\/CAMCO_Planning_2025_2026-768x543.png 768w, https:\/\/camco.fr\/wp-content\/uploads\/2025\/08\/CAMCO_Planning_2025_2026-1536x1086.png 1536w, https:\/\/camco.fr\/wp-content\/uploads\/2025\/08\/CAMCO_Planning_2025_2026.png 2000w\" sizes=\"auto, (max-width: 1024px) 100vw, 1024px\" \/><\/a><\/figure>\n\n\n\n<p>L\u2019association utilise les moyens communaux afin de promouvoir son activit\u00e9. <br>Gr\u00e2ce \u00e0 la collaboration des mairies de Jaux, Compi\u00e8gne et Le Meux nous pouvons \u00eatre au plus pr\u00e9s des adh\u00e9rents. <\/p>\n\n\n\n<p>Information importante :<br><strong>L&rsquo;inscription au club donne acc\u00e8s \u00e0 toutes les activit\u00e9s du club de son \u00e2ge, et dans tous les lieux d&rsquo;entrainements.<\/strong><\/p>\n\n\n\n<p class=\"has-text-align-center\"><strong>Une s\u00e9ance d&rsquo;essaie gratuite est possible.<\/strong><\/p>\n\n\n\n<p><\/p>\n","protected":false},"excerpt":{"rendered":"<p>L\u2019association utilise les moyens communaux afin de promouvoir son activit\u00e9. Gr\u00e2ce \u00e0 la collaboration des [&hellip;]<\/p>\n","protected":false},"author":1,"featured_media":0,"parent":0,"menu_order":0,"comment_status":"closed","ping_status":"closed","template":"","meta":{"footnotes":""},"class_list":["post-99","page","type-page","status-publish","hentry"],"_links":{"self":[{"href":"https:\/\/camco.fr\/index.php\/wp-json\/wp\/v2\/pages\/99","targetHints":{"allow":["GET"]}}],"collection":[{"href":"https:\/\/camco.fr\/index.php\/wp-json\/wp\/v2\/pages"}],"about":[{"href":"https:\/\/camco.fr\/index.php\/wp-json\/wp\/v2\/types\/page"}],"author":[{"embeddable":true,"href":"https:\/\/camco.fr\/index.php\/wp-json\/wp\/v2\/users\/1"}],"replies":[{"embeddable":true,"href":"https:\/\/camco.fr\/index.php\/wp-json\/wp\/v2\/comments?post=99"}],"version-history":[{"count":9,"href":"https:\/\/camco.fr\/index.php\/wp-json\/wp\/v2\/pages\/99\/revisions"}],"predecessor-version":[{"id":247,"href":"https:\/\/camco.fr\/index.php\/wp-json\/wp\/v2\/pages\/99\/revisions\/247"}],"wp:attachment":[{"href":"https:\/\/camco.fr\/index.php\/wp-json\/wp\/v2\/media?parent=99"}],"curies":[{"name":"wp","href":"https:\/\/api.w.org\/{rel}","templated":true}]}}